{"id":16,"date":"2016-09-10T13:11:15","date_gmt":"2016-09-10T13:11:15","guid":{"rendered":"http:\/\/pitre.work\/?page_id=16"},"modified":"2016-10-24T20:57:30","modified_gmt":"2016-10-24T20:57:30","slug":"a-propos","status":"publish","type":"page","link":"https:\/\/cbconstruction.ca\/?page_id=16","title":{"rendered":"\u00c0 propos"},"content":{"rendered":"<h2><img decoding=\"async\" loading=\"lazy\" class=\"alignnone wp-image-67 size-full\" src=\"http:\/\/pitre.work\/wp-content\/uploads\/2016\/09\/aproposcb.jpg\" alt=\"aproposcb\" width=\"965\" height=\"324\" srcset=\"https:\/\/cbconstruction.ca\/wp-content\/uploads\/2016\/09\/aproposcb.jpg 965w, https:\/\/cbconstruction.ca\/wp-content\/uploads\/2016\/09\/aproposcb-300x101.jpg 300w, https:\/\/cbconstruction.ca\/wp-content\/uploads\/2016\/09\/aproposcb-768x258.jpg 768w\" sizes=\"(max-width: 965px) 100vw, 965px\" \/><\/h2>\n<h2><\/h2>\n<h2>NOUS, C\u2019EST LE SERVICE AVANT TOUT !<\/h2>\n<p>Vous pouvez \u00eatre assur\u00e9s que notre expertise et <img decoding=\"async\" loading=\"lazy\" class=\"alignright size-medium wp-image-45\" src=\"http:\/\/pitre.work\/wp-content\/uploads\/2016\/09\/plancb-300x191.jpg\" alt=\"plancb\" width=\"300\" height=\"191\" srcset=\"https:\/\/cbconstruction.ca\/wp-content\/uploads\/2016\/09\/plancb-300x191.jpg 300w, https:\/\/cbconstruction.ca\/wp-content\/uploads\/2016\/09\/plancb.jpg 309w\" sizes=\"(max-width: 300px) 100vw, 300px\" \/><img decoding=\"async\" loading=\"lazy\" class=\"alignright size-full wp-image-55\" src=\"http:\/\/cbconstruction.ca\/wp-content\/uploads\/2016\/09\/space.jpg\" alt=\"space\" width=\"10\" height=\"187\" \/><img decoding=\"async\" loading=\"lazy\" class=\"size-medium wp-image-46 alignright\" src=\"http:\/\/pitre.work\/wp-content\/uploads\/2016\/09\/camioncb-300x189.jpg\" alt=\"camioncb\" width=\"300\" height=\"189\" srcset=\"https:\/\/cbconstruction.ca\/wp-content\/uploads\/2016\/09\/camioncb-300x189.jpg 300w, https:\/\/cbconstruction.ca\/wp-content\/uploads\/2016\/09\/camioncb.jpg 312w\" sizes=\"(max-width: 300px) 100vw, 300px\" \/><br \/>\nnos connaissances nous permettent de r\u00e9aliser<br \/>\nefficacement tous les types de projets.<\/p>\n<p>Plus encore, notre entreprise a su d\u00e9velopper une excellente collaboration avec diff\u00e9rents partenaires, ce qui nous permet<br \/>\nde vous offrir des services cl\u00e9s en main et efficaces.<\/p>\n<p><strong>CB CONSTRUCTION : DES TRAVAUX \u00c0 LA MESURE DE VOS AMBITIONS !<\/strong><\/p>\n<p>&nbsp;<\/p>\n","protected":false},"excerpt":{"rendered":"<p>NOUS, C\u2019EST LE SERVICE AVANT TOUT ! Vous pouvez \u00eatre assur\u00e9s que notre expertise et nos connaissances nous permettent de r\u00e9aliser efficacement tous les types de projets. Plus encore, notre entreprise a su d\u00e9velopper une excellente collaboration avec diff\u00e9rents partenaires, ce qui nous permet de vous offrir des services cl\u00e9s en main et efficaces. CB\u2026<\/p>\n","protected":false},"author":1,"featured_media":0,"parent":0,"menu_order":0,"comment_status":"closed","ping_status":"closed","template":"fullwidth.php","meta":{"jetpack_post_was_ever_published":false,"footnotes":""},"jetpack_sharing_enabled":true,"jetpack_shortlink":"https:\/\/wp.me\/P7SUo7-g","_links":{"self":[{"href":"https:\/\/cbconstruction.ca\/index.php?rest_route=\/wp\/v2\/pages\/16"}],"collection":[{"href":"https:\/\/cbconstruction.ca\/index.php?rest_route=\/wp\/v2\/pages"}],"about":[{"href":"https:\/\/cbconstruction.ca\/index.php?rest_route=\/wp\/v2\/types\/page"}],"author":[{"embeddable":true,"href":"https:\/\/cbconstruction.ca\/index.php?rest_route=\/wp\/v2\/users\/1"}],"replies":[{"embeddable":true,"href":"https:\/\/cbconstruction.ca\/index.php?rest_route=%2Fwp%2Fv2%2Fcomments&post=16"}],"version-history":[{"count":26,"href":"https:\/\/cbconstruction.ca\/index.php?rest_route=\/wp\/v2\/pages\/16\/revisions"}],"predecessor-version":[{"id":129,"href":"https:\/\/cbconstruction.ca\/index.php?rest_route=\/wp\/v2\/pages\/16\/revisions\/129"}],"wp:attachment":[{"href":"https:\/\/cbconstruction.ca\/index.php?rest_route=%2Fwp%2Fv2%2Fmedia&parent=16"}],"curies":[{"name":"wp","href":"https:\/\/api.w.org\/{rel}","templated":true}]}}