{"id":18,"date":"2016-09-10T13:11:52","date_gmt":"2016-09-10T13:11:52","guid":{"rendered":"http:\/\/pitre.work\/?page_id=18"},"modified":"2016-09-10T18:40:25","modified_gmt":"2016-09-10T18:40:25","slug":"realisations","status":"publish","type":"page","link":"https:\/\/cbconstruction.ca\/?page_id=18","title":{"rendered":"R\u00e9alisations"},"content":{"rendered":"<h2>NOTRE SAVOIR-FAIRE<\/h2>\n<p>Vous saurez reconna\u00eetre des travaux de tr\u00e8s grande qualit\u00e9 \u00e0 travers quelques-unes de nos r\u00e9alisations.<br \/>\nL&rsquo;<b>int\u00e9rieur<\/b>, <b>l&rsquo;ext\u00e9rieur<\/b>, les <b>r\u00e9novations<\/b>, on s&rsquo;en occupe.<\/p>\n<section id=\"huge_it_portfolio_content_2\"\n         class=\"portfolio-gallery-content \"\n         data-portfolio-id=\"2\">\n\t<div id=\"huge-it-container-loading-overlay_2\"><\/div>\n\t\t\t\t\t\t<div id=\"huge_it_portfolio_container_2\"\n\t     class=\"huge_it_portfolio_container super-list variable-sizes clearfix view-lightbox-gallery\"\n\t     data-show-loading=\"on\"\n\t     data-show-center=\"off\" >\n\n\n\t\t\t\t\t<div\n\t\t\t\tclass=\"portelement portelement_2 portfolio-lightbox   \" tabindex=\"0\" data-symbol=\"\" data-category=\"alkaline-earth\">\n                <p style=\"display:none;\" class=\"load_date\">2017-06-10 06:52:57<\/p>\n                <p style=\"display:none;\" class=\"number\">10<\/p>\n\t\t\t\t<p style=\"display: none;\" class=\"id\">10<\/p>\n\t\t\t\t<div class=\"image-block_2\">\n\t\t\t\t\t\t\t\t\t\t\t\t\t\t\t\t\t\t\t\t\t\t\t<a href=\"http:\/\/cbconstruction.ca\/wp-content\/uploads\/2016\/09\/p1.jpg\"\n\t\t\t\t\t\t\t\t   class=\" portfolio-lightbox-group2\"\n                                   data-description=\" \"\n\t\t\t\t\t\t\t\t   title=\"\">\n\t\t\t\t\t\t\t\t\t<img alt=\"\"\n\t\t\t\t\t\t\t\t\t     id=\"wd-cl-img0\"\n                                         data-title=\" \"\n\t\t\t\t\t\t\t\t\t     src=\"http:\/\/cbconstruction.ca\/wp-content\/uploads\/2016\/09\/p1.jpg\"\/>\n\t\t\t\t\t\t\t\t<\/a>\n\t\t\t\t\t\t\t\t\t\t\t\t<\/div>\n\t\t\t\t\t\t\t<\/div>\n\t\t\t\t\t\t<div\n\t\t\t\tclass=\"portelement portelement_2 portfolio-lightbox   \" tabindex=\"0\" data-symbol=\"\" data-category=\"alkaline-earth\">\n                <p style=\"display:none;\" class=\"load_date\">2017-06-10 06:52:57<\/p>\n                <p style=\"display:none;\" class=\"number\">11<\/p>\n\t\t\t\t<p style=\"display: none;\" class=\"id\">11<\/p>\n\t\t\t\t<div class=\"image-block_2\">\n\t\t\t\t\t\t\t\t\t\t\t\t\t\t\t\t\t\t\t\t\t\t\t<a href=\"http:\/\/cbconstruction.ca\/wp-content\/uploads\/2016\/09\/p2.jpg\"\n\t\t\t\t\t\t\t\t   class=\" portfolio-lightbox-group2\"\n                                   data-description=\" \"\n\t\t\t\t\t\t\t\t   title=\"\">\n\t\t\t\t\t\t\t\t\t<img alt=\"\"\n\t\t\t\t\t\t\t\t\t     id=\"wd-cl-img1\"\n                                         data-title=\" \"\n\t\t\t\t\t\t\t\t\t     src=\"http:\/\/cbconstruction.ca\/wp-content\/uploads\/2016\/09\/p2.jpg\"\/>\n\t\t\t\t\t\t\t\t<\/a>\n\t\t\t\t\t\t\t\t\t\t\t\t<\/div>\n\t\t\t\t\t\t\t<\/div>\n\t\t\t\t\t\t<div\n\t\t\t\tclass=\"portelement portelement_2 portfolio-lightbox   \" tabindex=\"0\" data-symbol=\"\" data-category=\"alkaline-earth\">\n                <p style=\"display:none;\" class=\"load_date\">2017-06-10 06:52:57<\/p>\n                <p style=\"display:none;\" class=\"number\">12<\/p>\n\t\t\t\t<p style=\"display: none;\" class=\"id\">12<\/p>\n\t\t\t\t<div class=\"image-block_2\">\n\t\t\t\t\t\t\t\t\t\t\t\t\t\t\t\t\t\t\t\t\t\t\t<a href=\"http:\/\/cbconstruction.ca\/wp-content\/uploads\/2016\/09\/p3.jpg\"\n\t\t\t\t\t\t\t\t   class=\" portfolio-lightbox-group2\"\n                                   data-description=\" \"\n\t\t\t\t\t\t\t\t   title=\"\">\n\t\t\t\t\t\t\t\t\t<img alt=\"\"\n\t\t\t\t\t\t\t\t\t     id=\"wd-cl-img2\"\n                                         data-title=\" \"\n\t\t\t\t\t\t\t\t\t     src=\"http:\/\/cbconstruction.ca\/wp-content\/uploads\/2016\/09\/p3.jpg\"\/>\n\t\t\t\t\t\t\t\t<\/a>\n\t\t\t\t\t\t\t\t\t\t\t\t<\/div>\n\t\t\t\t\t\t\t<\/div>\n\t\t\t\t\t\t<div\n\t\t\t\tclass=\"portelement portelement_2 portfolio-lightbox   \" tabindex=\"0\" data-symbol=\"\" data-category=\"alkaline-earth\">\n                <p style=\"display:none;\" class=\"load_date\">2017-06-10 06:52:57<\/p>\n                <p style=\"display:none;\" class=\"number\">13<\/p>\n\t\t\t\t<p style=\"display: none;\" class=\"id\">13<\/p>\n\t\t\t\t<div class=\"image-block_2\">\n\t\t\t\t\t\t\t\t\t\t\t\t\t\t\t\t\t\t\t\t\t\t\t<a href=\"http:\/\/cbconstruction.ca\/wp-content\/uploads\/2016\/09\/p4.jpg\"\n\t\t\t\t\t\t\t\t   class=\" portfolio-lightbox-group2\"\n                                   data-description=\" \"\n\t\t\t\t\t\t\t\t   title=\"\">\n\t\t\t\t\t\t\t\t\t<img alt=\"\"\n\t\t\t\t\t\t\t\t\t     id=\"wd-cl-img3\"\n                                         data-title=\" \"\n\t\t\t\t\t\t\t\t\t     src=\"http:\/\/cbconstruction.ca\/wp-content\/uploads\/2016\/09\/p4.jpg\"\/>\n\t\t\t\t\t\t\t\t<\/a>\n\t\t\t\t\t\t\t\t\t\t\t\t<\/div>\n\t\t\t\t\t\t\t<\/div>\n\t\t\t\t\t\t<div\n\t\t\t\tclass=\"portelement portelement_2 portfolio-lightbox   \" tabindex=\"0\" data-symbol=\"\" data-category=\"alkaline-earth\">\n                <p style=\"display:none;\" class=\"load_date\">2017-06-10 06:52:57<\/p>\n                <p style=\"display:none;\" class=\"number\">14<\/p>\n\t\t\t\t<p style=\"display: none;\" class=\"id\">14<\/p>\n\t\t\t\t<div class=\"image-block_2\">\n\t\t\t\t\t\t\t\t\t\t\t\t\t\t\t\t\t\t\t\t\t\t\t<a href=\"http:\/\/cbconstruction.ca\/wp-content\/uploads\/2016\/09\/p5.jpg\"\n\t\t\t\t\t\t\t\t   class=\" portfolio-lightbox-group2\"\n                                   data-description=\" \"\n\t\t\t\t\t\t\t\t   title=\"\">\n\t\t\t\t\t\t\t\t\t<img alt=\"\"\n\t\t\t\t\t\t\t\t\t     id=\"wd-cl-img4\"\n                                         data-title=\" \"\n\t\t\t\t\t\t\t\t\t     src=\"http:\/\/cbconstruction.ca\/wp-content\/uploads\/2016\/09\/p5.jpg\"\/>\n\t\t\t\t\t\t\t\t<\/a>\n\t\t\t\t\t\t\t\t\t\t\t\t<\/div>\n\t\t\t\t\t\t\t<\/div>\n\t\t\t\t\t\t<div\n\t\t\t\tclass=\"portelement portelement_2 portfolio-lightbox   \" tabindex=\"0\" data-symbol=\"\" data-category=\"alkaline-earth\">\n                <p style=\"display:none;\" class=\"load_date\">2017-06-10 06:52:57<\/p>\n                <p style=\"display:none;\" class=\"number\">15<\/p>\n\t\t\t\t<p style=\"display: none;\" class=\"id\">15<\/p>\n\t\t\t\t<div class=\"image-block_2\">\n\t\t\t\t\t\t\t\t\t\t\t\t\t\t\t\t\t\t\t\t\t\t\t<a href=\"http:\/\/cbconstruction.ca\/wp-content\/uploads\/2016\/09\/p6.jpg\"\n\t\t\t\t\t\t\t\t   class=\" portfolio-lightbox-group2\"\n                                   data-description=\" \"\n\t\t\t\t\t\t\t\t   title=\"\">\n\t\t\t\t\t\t\t\t\t<img alt=\"\"\n\t\t\t\t\t\t\t\t\t     id=\"wd-cl-img5\"\n                                         data-title=\" \"\n\t\t\t\t\t\t\t\t\t     src=\"http:\/\/cbconstruction.ca\/wp-content\/uploads\/2016\/09\/p6.jpg\"\/>\n\t\t\t\t\t\t\t\t<\/a>\n\t\t\t\t\t\t\t\t\t\t\t\t<\/div>\n\t\t\t\t\t\t\t<\/div>\n\t\t\t\t\t\t<div\n\t\t\t\tclass=\"portelement portelement_2 portfolio-lightbox   \" tabindex=\"0\" data-symbol=\"\" data-category=\"alkaline-earth\">\n                <p style=\"display:none;\" class=\"load_date\">2017-06-10 06:52:57<\/p>\n                <p style=\"display:none;\" class=\"number\">16<\/p>\n\t\t\t\t<p style=\"display: none;\" class=\"id\">16<\/p>\n\t\t\t\t<div class=\"image-block_2\">\n\t\t\t\t\t\t\t\t\t\t\t\t\t\t\t\t\t\t\t\t\t\t\t<a href=\"http:\/\/cbconstruction.ca\/wp-content\/uploads\/2016\/09\/p7.jpg\"\n\t\t\t\t\t\t\t\t   class=\" portfolio-lightbox-group2\"\n                                   data-description=\" \"\n\t\t\t\t\t\t\t\t   title=\"\">\n\t\t\t\t\t\t\t\t\t<img alt=\"\"\n\t\t\t\t\t\t\t\t\t     id=\"wd-cl-img6\"\n                                         data-title=\" \"\n\t\t\t\t\t\t\t\t\t     src=\"http:\/\/cbconstruction.ca\/wp-content\/uploads\/2016\/09\/p7.jpg\"\/>\n\t\t\t\t\t\t\t\t<\/a>\n\t\t\t\t\t\t\t\t\t\t\t\t<\/div>\n\t\t\t\t\t\t\t<\/div>\n\t\t\t\n\t\t<div style=\"clear:both;\"><\/div>\n\t<\/div>\n\n\n<\/section><style>\n\/***For Lifgtbox Gallery view***\/\n.play-icon.youtube-icon  {\n    background: url(https:\/\/cbconstruction.ca\/wp-content\/plugins\/portfolio-gallery\/assets\/images\/admin_images\/play.youtube.png) center center no-repeat;\n    background-size: 30% 30%;\n}\n.play-icon.vimeo-icon  {\n    background: url(https:\/\/cbconstruction.ca\/wp-content\/plugins\/portfolio-gallery\/assets\/images\/admin_images\/play.vimeo.png) center center no-repeat;\n    background-size: 30% 30%;\n}\n.play-icon {\n    position: absolute;\n    top: 0;\n    left: 0;\n    width: 100%;\n    height: 100%;\n}\n\/***<\/add>***\/\n.portelement_2 {\n    max-width:275px;\n    width: 100%;\n    margin:0 0 10px 0;\n    border:0px solid #eeeeee;\n    border-radius:3px;\n    outline:none;\n    overflow:hidden;\n}\n\n.portelement_2 .image-block_2 {\n    position:relative;\n    max-width:275px;\n    width:100%;\n}\n.portelement_2 .image-block_2 a {\n    border:none;\n    display: block;\n    cursor: -webkit-zoom-in; cursor: -moz-zoom-in;\n}\n.portelement_2 .image-block_2 img {\n    margin:0 !important;\n    padding:0 !important;\n    max-width:275px !important;\n    width: 100%;\n    height:auto;\n    display:block;\n    border-radius: 0 !important;\n    box-shadow: 0 0 0 rgba(0, 0, 0, 0) !important;\n}\n\n.portelement_2 .image-block_2 img:hover {\n    cursor: -webkit-zoom-in; cursor: -moz-zoom-in;\n}\n\n.portelement_2 .title-block_2 {\n    position:absolute;\n    text-overflow: ellipsis;\n    overflow: hidden;\n    left:0;\n    width:100%;\n    height: 30px;\n    bottom:-31px;\n    background: rgba(0,0,0,0.8)  !important;\n    -webkit-transition: bottom 0.3s ease-out 0.1s;\n    -moz-transition: bottom 0.3s ease-out 0.1s;\n    -o-transition: bottom 0.3s ease-out 0.1s;\n    transition: bottom 0.3s ease-out 0.1s;\n}\n\n.portelement_2:hover .title-block_2 {bottom:0;}\n\n.portelement_2 .title-block_2 a, .portelement_2 .title-block_2 a:link, .portelement_2 .title-block_2 a:visited, \n.portelement_2 .title-block_2 {\n    margin:0;\n    padding:0 1% 0 2%;\n    text-decoration:none;\n    text-overflow: ellipsis;\n    overflow: hidden;\n    white-space:nowrap;\n    z-index:20;\n    font-size: 16px;\n    color:#0074A2;\n    font-weight:normal;\n    border: none;\n    box-shadow: none;\n}\n\n\n\n.portelement_2 .title-block_2 a:hover, .portelement_2 .title-block_2 a:focus, .portelement_2 .title-block_2 a:active, \n.portelement_2 .title-block_2:hover {\n    color:#2EA2CD;\n    text-decoration:none;\n}\n\n#huge_it_portfolio_content_2 #huge_it_portfolio_options_2 {\n    position: relative;\n    overflow: hidden;\nfloat:;max-width:180px;width:20%;display:inline-block;margin-left:1%;\nopacity: 0;    margin-bottom: 10px;\n}\n\n#huge_it_portfolio_content_2 #huge_it_portfolio_options_2 ul {\n    margin: 0 !important;\n    padding: 0 !important;\n    list-style: none;\n}\n\n#huge_it_portfolio_content_2 #huge_it_portfolio_filters_2 ul {\n    margin: 0 !important;\n    padding: 0 !important;\n    overflow: hidden;\n    width: 100%;\n}\n\n#huge_it_portfolio_content_2 #huge_it_portfolio_options_2 ul li {\n    border-radius: 0px;\n    list-style-type: none;\n    margin: 0 !important;\n    padding: 0;\nborder: 1px solid #ccc;}\n\n#huge_it_portfolio_content_2 #huge_it_portfolio_options_2 ul li a {\n    background-color: #F7F7F7 !important;\n    font-size:14px !important;\n    color:#555555 !important;\n    text-decoration: none;\n    cursor: pointer;\n    margin: 0 !important;\n    display: block;\n    padding:3px;\n    border-radius: 0px;\n}\n\n\n#huge_it_portfolio_content_2 #huge_it_portfolio_options_2 ul li a:hover {\n    background-color: #FF3845 !important;\n    color:#ffffff !important;\n    cursor: pointer;\n}\n\n#huge_it_portfolio_content_2 #huge_it_portfolio_filters_2 {\n    float: left;\n    position: relative;\nfloat:;max-width:180px;width:20%;display:inline-block;margin-left:1%;\nopacity: 0;}\n\n#huge_it_portfolio_content_2 #huge_it_portfolio_filters_2 ul li {\n    list-style-type: none;\n    border-radius: 0px;\nborder: 1px solid #ccc;}\n\n#huge_it_portfolio_content_2 #huge_it_portfolio_filters_2 ul li a {\n    font-size:14px !important;\n    color:#555555 !important;\n    background-color: #F7F7F7 !important;\n    border-radius: 0px;\n    padding:3px;\n    display: block;\n    text-decoration: none;\n}\n\n#huge_it_portfolio_content_2 #huge_it_portfolio_filters_2  ul li a:hover {\n    color:#ffffff !important;\n    background-color: #FF3845 !important;\n    cursor: pointer\n}\n#huge_it_portfolio_content_2 #huge_it_portfolio_filters_2 ul li.active a,\n#huge_it_portfolio_content_2 #huge_it_portfolio_filters_2 ul li.active a:link,\n#huge_it_portfolio_content_2 #huge_it_portfolio_filters_2 ul li.active a:visited,\n#huge_it_portfolio_content_2 #huge_it_portfolio_filters_2  ul li.active a:hover,\n#huge_it_portfolio_content_2 #huge_it_portfolio_filters_2  ul li.active a:focus,\n#huge_it_portfolio_content_2 #huge_it_portfolio_filters_2  ul li.active a:active {\n    color:#ffffff !important;\n    background-color: #FF3845 !important;\n    cursor: pointer;\n}\n#huge_it_portfolio_content_2 section {\n    position:relative;\n    display:block;\n}\n\n#huge_it_portfolio_content_2 #huge_it_portfolio_container_2 {\n    width: 79%;\n    max-width: 100%;\nwidth:100%;opacity: 0;}\n\n#port-sort-direction {\nfloat: left !important;}\n@media screen and (max-width: 768px) {\n\n    #huge_it_portfolio_content_2 #huge_it_portfolio_filters_2 ul li a,\n    #huge_it_portfolio_content_2 #huge_it_portfolio_filters_2 ul li a:link,\n    #huge_it_portfolio_content_2 #huge_it_portfolio_filters_2 ul li a:visited {\n        font-size: 2vw !important;\n    }\n    #huge_it_portfolio_content_2 #huge_it_portfolio_options_2 ul li a {\n        font-size:2vw !important;\n    }\n\n}\n@media screen and (max-width: 480px) {\n    #huge_it_portfolio_content_2 #huge_it_portfolio_options_2 {\n        float: left;\n    }\n    #huge_it_portfolio_content_2 #huge_it_portfolio_options_2 #sort-by{\n        float: left;\n        width: 100% !important;\n    }\n    #huge_it_portfolio_content_2 #huge_it_portfolio_options_2 #port-sort-direction{\n        float: left;\n        width: 100% !important;\n        position: relative;\n        padding-left: 31% !important;\n        right: 31%;\n    }\n    #huge_it_portfolio_content_2 #huge_it_portfolio_filters_2 ul li a,\n    #huge_it_portfolio_content_2 #huge_it_portfolio_filters_2 ul li a:link,\n    #huge_it_portfolio_content_2 #huge_it_portfolio_filters_2 ul li a:visited {\n        font-size: 3vw !important;\n    }\n    #huge_it_portfolio_content_2 #huge_it_portfolio_options_2 ul li a {\n        line-height: 3vw;\n        font-size:3vw !important;\n    }\n}\n@media screen and (max-width: 420px) {\n\n    #huge_it_portfolio_content_2 #huge_it_portfolio_filters_2 ul li a,\n    #huge_it_portfolio_content_2 #huge_it_portfolio_filters_2 ul li a:link,\n    #huge_it_portfolio_content_2 #huge_it_portfolio_filters_2 ul li a:visited {\n        font-size: 4vw !important;\n    }\n    #huge_it_portfolio_content_2 #huge_it_portfolio_options_2 ul li a {\n        font-size:4vw !important;\n    }\n}\n@media screen and (max-width: 315px) {\n    .portelement_2  {\n        width:98%;\n        margin: 1% !important;\n        float: left;\n        overflow: hidden;\n        outline:none;\n        border:eeeeeepx solid #D0D0D0;\n    }\n    .wd-portfolio-panel_2 {\n        width: 100% !important;\n    }\n}\n#huge-it-container-loading-overlay_2 {\n    width: 100%;\n    height: 100%;\n    position: absolute;\n    z-index: 1;\n    background:  url(https:\/\/cbconstruction.ca\/wp-content\/plugins\/portfolio-gallery\/assets\/images\/loading\/loading-1.svg) center top ;\n    background-repeat: no-repeat;\n    background-size: 60px auto;\n}\n#huge_it_portfolio_options_and_filters_2 {\n    position: relative;\n    float: left;\n    width: 20%;\n    max-width: 180px;\n    float:;\nmargin-left:1%;}\n<\/style>\n","protected":false},"excerpt":{"rendered":"<p>NOTRE SAVOIR-FAIRE Vous saurez reconna\u00eetre des travaux de tr\u00e8s grande qualit\u00e9 \u00e0 travers quelques-unes de nos r\u00e9alisations. L&rsquo;int\u00e9rieur, l&rsquo;ext\u00e9rieur, les r\u00e9novations, on s&rsquo;en occupe.<\/p>\n","protected":false},"author":1,"featured_media":0,"parent":0,"menu_order":0,"comment_status":"closed","ping_status":"closed","template":"fullwidth.php","meta":{"jetpack_post_was_ever_published":false,"footnotes":""},"jetpack_sharing_enabled":true,"jetpack_shortlink":"https:\/\/wp.me\/P7SUo7-i","_links":{"self":[{"href":"https:\/\/cbconstruction.ca\/index.php?rest_route=\/wp\/v2\/pages\/18"}],"collection":[{"href":"https:\/\/cbconstruction.ca\/index.php?rest_route=\/wp\/v2\/pages"}],"about":[{"href":"https:\/\/cbconstruction.ca\/index.php?rest_route=\/wp\/v2\/types\/page"}],"author":[{"embeddable":true,"href":"https:\/\/cbconstruction.ca\/index.php?rest_route=\/wp\/v2\/users\/1"}],"replies":[{"embeddable":true,"href":"https:\/\/cbconstruction.ca\/index.php?rest_route=%2Fwp%2Fv2%2Fcomments&post=18"}],"version-history":[{"count":7,"href":"https:\/\/cbconstruction.ca\/index.php?rest_route=\/wp\/v2\/pages\/18\/revisions"}],"predecessor-version":[{"id":43,"href":"https:\/\/cbconstruction.ca\/index.php?rest_route=\/wp\/v2\/pages\/18\/revisions\/43"}],"wp:attachment":[{"href":"https:\/\/cbconstruction.ca\/index.php?rest_route=%2Fwp%2Fv2%2Fmedia&parent=18"}],"curies":[{"name":"wp","href":"https:\/\/api.w.org\/{rel}","templated":true}]}}